{"id":1355,"date":"2025-08-22T17:39:14","date_gmt":"2025-08-22T15:39:14","guid":{"rendered":"https:\/\/spotzy.eu\/?page_id=1355"},"modified":"2025-08-24T21:29:15","modified_gmt":"2025-08-24T19:29:15","slug":"the-spotzy-guide","status":"publish","type":"page","link":"https:\/\/spotzy.eu\/et\/the-spotzy-guide\/","title":{"rendered":"Blogi"},"content":{"rendered":"<p><em>Tere tulemast <mark style=\"background-color:rgba(0, 0, 0, 0)\" class=\"has-inline-color has-vivid-cyan-blue-color\">Spotzy<\/mark>blogisse \u2013 sinu teejuht nutikama ja j\u00e4tkusuutlikuma eluviisi juurde! Siit leiad praktilisi n\u00f5uandeid hoiustamise, parkimise, kolimise ja ruumi paremaks kasutamiseks. Olgu sa koduomanik, autojuht v\u00f5i ettev\u00f5tja \u2013 meie artiklid aitavad sul aega s\u00e4\u00e4sta, stressi v\u00e4hendada ja alati valmis olla!<\/em><\/p>\n\n\n\n<div class=\"wp-block-group alignwide is-content-justification-center\" style=\"margin-top:0;margin-bottom:0;padding-top:calc( 0.5 * var(--wp--style--root--padding-right, var(--wp--custom--gap--horizontal)));padding-right:var(--wp--style--root--padding-right, var(--wp--custom--gap--horizontal));padding-bottom:calc( 0.5 * var(--wp--style--root--padding-right, var(--wp--custom--gap--horizontal)));padding-left:var(--wp--style--root--padding-left, var(--wp--custom--gap--horizontal))\"><div class=\"wp-block-group__inner-container is-layout-constrained wp-container-core-group-is-layout-b073b61b wp-block-group-is-layout-constrained\">\n<div style=\"height:calc( 0.25 * var(--wp--style--root--padding-right, var(--wp--custom--gap--horizontal)))\" aria-hidden=\"true\" class=\"wp-block-spacer\"><\/div>\n\n\n\n<h2 class=\"wp-block-heading has-text-align-center\">Teemad<\/h2>\n\n\n\n<div style=\"height:calc( 0.25 * var(--wp--style--root--padding-right, var(--wp--custom--gap--horizontal)))\" aria-hidden=\"true\" class=\"wp-block-spacer\"><\/div>\n\n\n\n<div class=\"wp-block-columns alignwide is-layout-flex wp-container-core-columns-is-layout-41e3e26a wp-block-columns-is-layout-flex\">\n<div class=\"wp-block-column is-layout-flow wp-block-column-is-layout-flow\">\n<figure class=\"wp-block-image size-full\"><img decoding=\"async\" width=\"1024\" height=\"1536\" src=\"https:\/\/spotzy.eu\/wp-content\/uploads\/2025\/05\/ChatGPT-Image-Apr-14-2025-at-01_24_31-AM.png\" alt=\"\" class=\"wp-image-1180\" style=\"aspect-ratio:1;object-fit:cover\" srcset=\"https:\/\/spotzy.eu\/wp-content\/uploads\/2025\/05\/ChatGPT-Image-Apr-14-2025-at-01_24_31-AM.png 1024w, https:\/\/spotzy.eu\/wp-content\/uploads\/2025\/05\/ChatGPT-Image-Apr-14-2025-at-01_24_31-AM-200x300.png 200w, https:\/\/spotzy.eu\/wp-content\/uploads\/2025\/05\/ChatGPT-Image-Apr-14-2025-at-01_24_31-AM-683x1024.png 683w\" sizes=\"(max-width: 1024px) 100vw, 1024px\" \/><\/figure>\n\n\n\n<div class=\"wp-block-group\"><div class=\"wp-block-group__inner-container is-layout-flow wp-block-group-is-layout-flow\">\n<h3 class=\"wp-block-heading has-medium-font-size\" style=\"font-style:normal;font-weight:700\"><strong>\u00dc\u00fcrileandjatele &amp; \u00dc\u00fcrnikele<\/strong><\/h3>\n\n\n\n<p><em>N\u00f5uanded oma kodu korrashoidmiseks, kolimiseks ja ruumi maksimaalseks kasutamiseks.<\/em><\/p>\n\n\n\n<div class=\"wp-block-buttons is-layout-flex wp-block-buttons-is-layout-flex\">\n<div class=\"wp-block-button\"><a class=\"wp-block-button__link wp-element-button\" href=\"https:\/\/spotzy.eu\/for-hosts-renters\/\">Browse articles<\/a><\/div>\n<\/div>\n<\/div><\/div>\n\n\n\n<div style=\"height:4px\" aria-hidden=\"true\" class=\"wp-block-spacer\"><\/div>\n<\/div>\n\n\n\n<div class=\"wp-block-column is-layout-flow wp-block-column-is-layout-flow\">\n<figure class=\"wp-block-image size-full\"><img decoding=\"async\" width=\"1024\" height=\"1024\" src=\"https:\/\/spotzy.eu\/wp-content\/uploads\/2025\/08\/ChatGPT-Image-Aug-24-2025-at-07_26_42-PM.png\" alt=\"\" class=\"wp-image-1398\" style=\"aspect-ratio:1;object-fit:cover\" srcset=\"https:\/\/spotzy.eu\/wp-content\/uploads\/2025\/08\/ChatGPT-Image-Aug-24-2025-at-07_26_42-PM.png 1024w, https:\/\/spotzy.eu\/wp-content\/uploads\/2025\/08\/ChatGPT-Image-Aug-24-2025-at-07_26_42-PM-300x300.png 300w, https:\/\/spotzy.eu\/wp-content\/uploads\/2025\/08\/ChatGPT-Image-Aug-24-2025-at-07_26_42-PM-150x150.png 150w, https:\/\/spotzy.eu\/wp-content\/uploads\/2025\/08\/ChatGPT-Image-Aug-24-2025-at-07_26_42-PM-768x768.png 768w, https:\/\/spotzy.eu\/wp-content\/uploads\/2025\/08\/ChatGPT-Image-Aug-24-2025-at-07_26_42-PM-12x12.png 12w, https:\/\/spotzy.eu\/wp-content\/uploads\/2025\/08\/ChatGPT-Image-Aug-24-2025-at-07_26_42-PM-400x400.png 400w, https:\/\/spotzy.eu\/wp-content\/uploads\/2025\/08\/ChatGPT-Image-Aug-24-2025-at-07_26_42-PM-600x600.png 600w, https:\/\/spotzy.eu\/wp-content\/uploads\/2025\/08\/ChatGPT-Image-Aug-24-2025-at-07_26_42-PM-100x100.png 100w\" sizes=\"(max-width: 1024px) 100vw, 1024px\" \/><\/figure>\n\n\n\n<div class=\"wp-block-group\"><div class=\"wp-block-group__inner-container is-layout-flow wp-block-group-is-layout-flow\">\n<div class=\"wp-block-group\"><div class=\"wp-block-group__inner-container is-layout-flow wp-block-group-is-layout-flow\">\n<h3 class=\"wp-block-heading has-medium-font-size\" style=\"font-style:normal;font-weight:700\"><strong>Autojuhtidele &amp; autoomanikele<\/strong><\/h3>\n\n\n\n<p><em>Avasta nippe parkimise, auto hoiustamise ja oma s\u00f5idukile hubase koha leidmise kohta Spotzy abil.<\/em><\/p>\n\n\n\n<div class=\"wp-block-buttons is-layout-flex wp-block-buttons-is-layout-flex\">\n<div class=\"wp-block-button\"><a class=\"wp-block-button__link wp-element-button\" href=\"https:\/\/spotzy.eu\/for-drivers-car-owners\/\">Browse articles<\/a><\/div>\n<\/div>\n<\/div><\/div>\n<\/div><\/div>\n\n\n\n<div style=\"height:4px\" aria-hidden=\"true\" class=\"wp-block-spacer\"><\/div>\n<\/div>\n\n\n\n<div class=\"wp-block-column is-layout-flow wp-block-column-is-layout-flow\">\n<figure class=\"wp-block-image size-full\"><img decoding=\"async\" width=\"1024\" height=\"1024\" src=\"https:\/\/spotzy.eu\/wp-content\/uploads\/2025\/08\/ChatGPT-Image-Aug-24-2025-at-08_51_33-PM.png\" alt=\"\" class=\"wp-image-1425\" style=\"aspect-ratio:1;object-fit:cover\" srcset=\"https:\/\/spotzy.eu\/wp-content\/uploads\/2025\/08\/ChatGPT-Image-Aug-24-2025-at-08_51_33-PM.png 1024w, https:\/\/spotzy.eu\/wp-content\/uploads\/2025\/08\/ChatGPT-Image-Aug-24-2025-at-08_51_33-PM-300x300.png 300w, https:\/\/spotzy.eu\/wp-content\/uploads\/2025\/08\/ChatGPT-Image-Aug-24-2025-at-08_51_33-PM-150x150.png 150w, https:\/\/spotzy.eu\/wp-content\/uploads\/2025\/08\/ChatGPT-Image-Aug-24-2025-at-08_51_33-PM-768x768.png 768w, https:\/\/spotzy.eu\/wp-content\/uploads\/2025\/08\/ChatGPT-Image-Aug-24-2025-at-08_51_33-PM-12x12.png 12w, https:\/\/spotzy.eu\/wp-content\/uploads\/2025\/08\/ChatGPT-Image-Aug-24-2025-at-08_51_33-PM-400x400.png 400w\" sizes=\"(max-width: 1024px) 100vw, 1024px\" \/><\/figure>\n\n\n\n<div class=\"wp-block-group\"><div class=\"wp-block-group__inner-container is-layout-flow wp-block-group-is-layout-flow\">\n<div class=\"wp-block-group\"><div class=\"wp-block-group__inner-container is-layout-flow wp-block-group-is-layout-flow\">\n<h3 class=\"wp-block-heading has-medium-font-size\" style=\"font-style:normal;font-weight:700\"><strong>Ettev\u00f5tetele<\/strong><\/h3>\n\n\n\n<p><em>Saa teada, kuidas vaba ruum aitab ettev\u00f5tetel raha s\u00e4\u00e4sta ja targemalt kasvada.<\/em><\/p>\n\n\n\n<div class=\"wp-block-buttons is-layout-flex wp-block-buttons-is-layout-flex\">\n<div class=\"wp-block-button\"><a class=\"wp-block-button__link wp-element-button\" href=\"https:\/\/spotzy.eu\/for-businesses-2\/\">Browse articles<\/a><\/div>\n<\/div>\n<\/div><\/div>\n<\/div><\/div>\n\n\n\n<div style=\"height:4px\" aria-hidden=\"true\" class=\"wp-block-spacer\"><\/div>\n<\/div>\n<\/div>\n\n\n\n<div class=\"wp-block-columns alignwide is-layout-flex wp-container-core-columns-is-layout-41e3e26a wp-block-columns-is-layout-flex\">\n<div class=\"wp-block-column is-layout-flow wp-block-column-is-layout-flow\"><\/div>\n\n\n\n<div class=\"wp-block-column is-layout-flow wp-block-column-is-layout-flow\"><\/div>\n<\/div>\n\n\n\n<div style=\"height:0px\" aria-hidden=\"true\" class=\"wp-block-spacer\"><\/div>\n<\/div><\/div>","protected":false},"excerpt":{"rendered":"<p>Welcome to Spotzy\u2019s blog \u2014 your guide to smarter and more sustainable living in the city. Here you\u2019ll find practical tips about storage, parking, moving and making better use of your space. Whether you\u2019re a homeowner, driver or business \u2013 our articles help you save time, reduce stress and stay prepared! Topics For Hosts &amp; [&hellip;]<\/p>\n","protected":false},"author":1,"featured_media":0,"parent":0,"menu_order":0,"comment_status":"closed","ping_status":"closed","template":"","meta":{"om_disable_all_campaigns":false,"_monsterinsights_skip_tracking":false,"_monsterinsights_sitenote_active":false,"_monsterinsights_sitenote_note":"","_monsterinsights_sitenote_category":0,"footnotes":""},"class_list":["post-1355","page","type-page","status-publish","hentry"],"aioseo_notices":[],"jetpack_sharing_enabled":true,"_links":{"self":[{"href":"https:\/\/spotzy.eu\/et\/wp-json\/wp\/v2\/pages\/1355","targetHints":{"allow":["GET"]}}],"collection":[{"href":"https:\/\/spotzy.eu\/et\/wp-json\/wp\/v2\/pages"}],"about":[{"href":"https:\/\/spotzy.eu\/et\/wp-json\/wp\/v2\/types\/page"}],"author":[{"embeddable":true,"href":"https:\/\/spotzy.eu\/et\/wp-json\/wp\/v2\/users\/1"}],"replies":[{"embeddable":true,"href":"https:\/\/spotzy.eu\/et\/wp-json\/wp\/v2\/comments?post=1355"}],"version-history":[{"count":10,"href":"https:\/\/spotzy.eu\/et\/wp-json\/wp\/v2\/pages\/1355\/revisions"}],"predecessor-version":[{"id":1471,"href":"https:\/\/spotzy.eu\/et\/wp-json\/wp\/v2\/pages\/1355\/revisions\/1471"}],"wp:attachment":[{"href":"https:\/\/spotzy.eu\/et\/wp-json\/wp\/v2\/media?parent=1355"}],"curies":[{"name":"wp","href":"https:\/\/api.w.org\/{rel}","templated":true}]}}