{"id":1450,"date":"2025-08-24T20:38:44","date_gmt":"2025-08-24T18:38:44","guid":{"rendered":"https:\/\/spotzy.eu\/?page_id=1450"},"modified":"2025-08-24T21:24:37","modified_gmt":"2025-08-24T19:24:37","slug":"for-hosts-renters","status":"publish","type":"page","link":"https:\/\/spotzy.eu\/et\/for-hosts-renters\/","title":{"rendered":"\u00dc\u00fcrileandjatele &amp; \u00dc\u00fcrnikele"},"content":{"rendered":"<div class=\"wp-block-columns is-layout-flex wp-container-core-columns-is-layout-9d6595d7 wp-block-columns-is-layout-flex\">\n<div class=\"wp-block-column is-layout-flow wp-block-column-is-layout-flow\">\n<h4 class=\"wp-block-heading\">Kuidas oma asju turvaliseks hoiustamiseks pakkida<\/h4>\n\n\n\n<p>Samm-sammuline juhend kastide pakkimiseks, m\u00e4rgistamiseks ja \u00f5rnade esemete kaitsmiseks.<\/p>\n\n\n\n<div class=\"wp-block-buttons is-layout-flex wp-block-buttons-is-layout-flex\">\n<div class=\"wp-block-button\"><a class=\"wp-block-button__link wp-element-button\" href=\"https:\/\/spotzy.eu\/how-to-securely-pack-your-belongings-for-storage\/\">Open article<\/a><\/div>\n<\/div>\n\n\n\n<hr class=\"wp-block-separator has-alpha-channel-opacity\"\/>\n\n\n\n<h4 class=\"wp-block-heading\">Varjatud saladus stressivabaks kolimiseks<\/h4>\n\n\n\n<p>Nipid sujuvamaks kolimiseks enne uude elamispinda minemist. <\/p>\n\n\n\n<div class=\"wp-block-buttons is-layout-flex wp-block-buttons-is-layout-flex\">\n<div class=\"wp-block-button\"><a class=\"wp-block-button__link wp-element-button\" href=\"https:\/\/spotzy.eu\/the-hidden-secret-to-a-stress-free-move\/\">Open article<\/a><\/div>\n<\/div>\n\n\n\n<hr class=\"wp-block-separator has-alpha-channel-opacity\"\/>\n\n\n\n<h4 class=\"wp-block-heading\">7 levinud viga, mida inimesed teevad hoiuruumi \u00fc\u00fcrides<\/h4>\n\n\n\n<p>Paljud inimesed kaotavad hoiuruumi kasutades aega, raha v\u00f5i rikuvad isegi oma asju \u2013 siin on, kuidas v\u00e4ltida levinumaid vigu ja hoida oma asjad turvaliselt. <\/p>\n\n\n\n<div class=\"wp-block-buttons is-layout-flex wp-block-buttons-is-layout-flex\">\n<div class=\"wp-block-button\"><a class=\"wp-block-button__link wp-element-button\" href=\"https:\/\/spotzy.eu\/7-common-mistakes-people-make-when-renting-storage-units\/\">Open article<\/a><\/div>\n<\/div>\n<\/div>\n\n\n\n<div class=\"wp-block-column is-layout-flow wp-block-column-is-layout-flow\">\n<figure class=\"wp-block-image size-large\"><img decoding=\"async\" width=\"683\" height=\"1024\" src=\"https:\/\/spotzy.eu\/wp-content\/uploads\/2025\/05\/ChatGPT-Image-Apr-14-2025-at-01_24_31-AM-683x1024.png\" alt=\"\" class=\"wp-image-1180\" srcset=\"https:\/\/spotzy.eu\/wp-content\/uploads\/2025\/05\/ChatGPT-Image-Apr-14-2025-at-01_24_31-AM-683x1024.png 683w, https:\/\/spotzy.eu\/wp-content\/uploads\/2025\/05\/ChatGPT-Image-Apr-14-2025-at-01_24_31-AM-200x300.png 200w, https:\/\/spotzy.eu\/wp-content\/uploads\/2025\/05\/ChatGPT-Image-Apr-14-2025-at-01_24_31-AM.png 1024w\" sizes=\"(max-width: 683px) 100vw, 683px\" \/><\/figure>\n<\/div>\n<\/div>\n\n\n\n<h4 class=\"wp-block-heading\"><\/h4>","protected":false},"excerpt":{"rendered":"<p>How to Securely Pack Your Belongings for Storage Step-by-step guide to packing boxes, labeling and protecting fragile items. The Hidden Secret to a Stress-Free Move Tips for smoother moves when downsizing or waiting for your new home. 7 Common Mistakes People Make When Renting Storage Units Many people lose time, money, or even damage their [&hellip;]<\/p>\n","protected":false},"author":1,"featured_media":0,"parent":0,"menu_order":0,"comment_status":"closed","ping_status":"closed","template":"","meta":{"om_disable_all_campaigns":false,"_monsterinsights_skip_tracking":false,"_monsterinsights_sitenote_active":false,"_monsterinsights_sitenote_note":"","_monsterinsights_sitenote_category":0,"footnotes":""},"class_list":["post-1450","page","type-page","status-publish","hentry"],"aioseo_notices":[],"jetpack_sharing_enabled":true,"_links":{"self":[{"href":"https:\/\/spotzy.eu\/et\/wp-json\/wp\/v2\/pages\/1450","targetHints":{"allow":["GET"]}}],"collection":[{"href":"https:\/\/spotzy.eu\/et\/wp-json\/wp\/v2\/pages"}],"about":[{"href":"https:\/\/spotzy.eu\/et\/wp-json\/wp\/v2\/types\/page"}],"author":[{"embeddable":true,"href":"https:\/\/spotzy.eu\/et\/wp-json\/wp\/v2\/users\/1"}],"replies":[{"embeddable":true,"href":"https:\/\/spotzy.eu\/et\/wp-json\/wp\/v2\/comments?post=1450"}],"version-history":[{"count":3,"href":"https:\/\/spotzy.eu\/et\/wp-json\/wp\/v2\/pages\/1450\/revisions"}],"predecessor-version":[{"id":1454,"href":"https:\/\/spotzy.eu\/et\/wp-json\/wp\/v2\/pages\/1450\/revisions\/1454"}],"wp:attachment":[{"href":"https:\/\/spotzy.eu\/et\/wp-json\/wp\/v2\/media?parent=1450"}],"curies":[{"name":"wp","href":"https:\/\/api.w.org\/{rel}","templated":true}]}}