{"id":1462,"date":"2025-08-24T21:06:38","date_gmt":"2025-08-24T19:06:38","guid":{"rendered":"https:\/\/spotzy.eu\/?page_id=1462"},"modified":"2025-08-24T21:24:16","modified_gmt":"2025-08-24T19:24:16","slug":"for-businesses-2","status":"publish","type":"page","link":"https:\/\/spotzy.eu\/et\/for-businesses-2\/","title":{"rendered":"Ettev\u00f5tetele"},"content":{"rendered":"<div class=\"wp-block-columns is-layout-flex wp-container-core-columns-is-layout-9d6595d7 wp-block-columns-is-layout-flex\">\n<div class=\"wp-block-column is-layout-flow wp-block-column-is-layout-flow\">\n<h4 class=\"wp-block-heading\">Kuidas ettev\u00f5tted saavad Spotzy abil ruumipuudust lahendada<\/h4>\n\n\n\n<p>Avasta, kuidas Eesti ettev\u00f5tted saavad Spotzy abil leida paindlikke ja taskukohaseid hoiulahendusi oma kaupadele ja t\u00f6\u00f6riistadele.<\/p>\n\n\n\n<div class=\"wp-block-buttons is-layout-flex wp-block-buttons-is-layout-flex\">\n<div class=\"wp-block-button\"><a class=\"wp-block-button__link wp-element-button\" href=\"https:\/\/spotzy.eu\/how-businesses-can-solve-space-problems-with-spotzy\/\">Open article<\/a><\/div>\n<\/div>\n\n\n\n<hr class=\"wp-block-separator has-alpha-channel-opacity\"\/>\n\n\n\n<h4 class=\"wp-block-heading\">Kuidas ettev\u00f5tted saavad teenida lisatulu<\/h4>\n\n\n\n<p>Uuri, kuidas ettev\u00f5tted saavad muuta kasutamata ruumid v\u00f5i laopinnad kindlaks sissetulekuallikaks.<\/p>\n\n\n\n<div class=\"wp-block-buttons is-layout-flex wp-block-buttons-is-layout-flex\">\n<div class=\"wp-block-button\"><a class=\"wp-block-button__link wp-element-button\" href=\"https:\/\/spotzy.eu\/how-businesses-can-earn-extra-revenue-by-renting-out-their-space-on-spotzy\/\">Open article<\/a><\/div>\n<\/div>\n\n\n\n<hr class=\"wp-block-separator has-alpha-channel-opacity\"\/>\n\n\n\n<h4 class=\"wp-block-heading\">Miks on Spotzy nutikas hoiulahendus Eesti ettev\u00f5tetele<\/h4>\n\n\n\n<p>Vaata, miks on Spotzy ettev\u00f5tetele eelistatuim platvorm, mis v\u00f5imaldab nii oma kaupu hoiustada kui ka kasutamata pinda tulusalt \u00e4ra kasutada.<\/p>\n\n\n\n<div class=\"wp-block-buttons is-layout-flex wp-block-buttons-is-layout-flex\">\n<div class=\"wp-block-button\"><a class=\"wp-block-button__link wp-element-button\" href=\"https:\/\/spotzy.eu\/why-spotzy-is-the-smart-storage-solution-for-estonian-businesses\/\">Open article<\/a><\/div>\n<\/div>\n<\/div>\n\n\n\n<div class=\"wp-block-column is-layout-flow wp-block-column-is-layout-flow\">\n<figure class=\"wp-block-image size-full\"><img decoding=\"async\" width=\"1024\" height=\"1024\" src=\"https:\/\/spotzy.eu\/wp-content\/uploads\/2025\/08\/ChatGPT-Image-Aug-24-2025-at-08_51_33-PM.png\" alt=\"\" class=\"wp-image-1425\" srcset=\"https:\/\/spotzy.eu\/wp-content\/uploads\/2025\/08\/ChatGPT-Image-Aug-24-2025-at-08_51_33-PM.png 1024w, https:\/\/spotzy.eu\/wp-content\/uploads\/2025\/08\/ChatGPT-Image-Aug-24-2025-at-08_51_33-PM-300x300.png 300w, https:\/\/spotzy.eu\/wp-content\/uploads\/2025\/08\/ChatGPT-Image-Aug-24-2025-at-08_51_33-PM-150x150.png 150w, https:\/\/spotzy.eu\/wp-content\/uploads\/2025\/08\/ChatGPT-Image-Aug-24-2025-at-08_51_33-PM-768x768.png 768w, https:\/\/spotzy.eu\/wp-content\/uploads\/2025\/08\/ChatGPT-Image-Aug-24-2025-at-08_51_33-PM-12x12.png 12w, https:\/\/spotzy.eu\/wp-content\/uploads\/2025\/08\/ChatGPT-Image-Aug-24-2025-at-08_51_33-PM-400x400.png 400w\" sizes=\"(max-width: 1024px) 100vw, 1024px\" \/><\/figure>\n<\/div>\n<\/div>\n\n\n\n<h4 class=\"wp-block-heading\"><\/h4>","protected":false},"excerpt":{"rendered":"<p>How Businesses Can Solve Space Problems with Spotzy Discover how Estonian companies can use Spotzy to find flexible, affordable storage solutions for their goods and tools. How Businesses Can Earn Extra Revenue Learn how businesses can turn unused rooms or storage areas into steady income. Why Spotzy Is the Smart Storage Solution for Estonian Businesses [&hellip;]<\/p>\n","protected":false},"author":1,"featured_media":0,"parent":0,"menu_order":0,"comment_status":"closed","ping_status":"closed","template":"","meta":{"om_disable_all_campaigns":false,"_monsterinsights_skip_tracking":false,"_monsterinsights_sitenote_active":false,"_monsterinsights_sitenote_note":"","_monsterinsights_sitenote_category":0,"footnotes":""},"class_list":["post-1462","page","type-page","status-publish","hentry"],"aioseo_notices":[],"jetpack_sharing_enabled":true,"_links":{"self":[{"href":"https:\/\/spotzy.eu\/et\/wp-json\/wp\/v2\/pages\/1462","targetHints":{"allow":["GET"]}}],"collection":[{"href":"https:\/\/spotzy.eu\/et\/wp-json\/wp\/v2\/pages"}],"about":[{"href":"https:\/\/spotzy.eu\/et\/wp-json\/wp\/v2\/types\/page"}],"author":[{"embeddable":true,"href":"https:\/\/spotzy.eu\/et\/wp-json\/wp\/v2\/users\/1"}],"replies":[{"embeddable":true,"href":"https:\/\/spotzy.eu\/et\/wp-json\/wp\/v2\/comments?post=1462"}],"version-history":[{"count":1,"href":"https:\/\/spotzy.eu\/et\/wp-json\/wp\/v2\/pages\/1462\/revisions"}],"predecessor-version":[{"id":1463,"href":"https:\/\/spotzy.eu\/et\/wp-json\/wp\/v2\/pages\/1462\/revisions\/1463"}],"wp:attachment":[{"href":"https:\/\/spotzy.eu\/et\/wp-json\/wp\/v2\/media?parent=1462"}],"curies":[{"name":"wp","href":"https:\/\/api.w.org\/{rel}","templated":true}]}}